{"id":354,"date":"2024-07-31T13:36:26","date_gmt":"2024-07-31T13:36:26","guid":{"rendered":"https:\/\/fahrzeugtechnik.fh-joanneum.at\/prueffeld\/?page_id=354"},"modified":"2024-09-13T07:09:19","modified_gmt":"2024-09-13T07:09:19","slug":"batterieemulator-tester","status":"publish","type":"page","link":"https:\/\/fahrzeugtechnik.fh-joanneum.at\/prueffeld\/batterieemulator-tester\/","title":{"rendered":""},"content":{"rendered":"\t\t<div data-elementor-type=\"wp-page\" data-elementor-id=\"354\" class=\"elementor elementor-354\">\n\t\t\t\t<div class=\"elementor-element elementor-element-8096e47 e-flex e-con-boxed e-con e-parent\" data-id=\"8096e47\" data-element_type=\"container\" data-e-type=\"container\">\n\t\t\t\t\t<div class=\"e-con-inner\">\n\t\t\t\t<div class=\"elementor-element elementor-element-0d0da64 elementor-widget elementor-widget-heading\" data-id=\"0d0da64\" data-element_type=\"widget\" data-e-type=\"widget\" data-widget_type=\"heading.default\">\n\t\t\t\t<div class=\"elementor-widget-container\">\n\t\t\t\t\t<h2 class=\"elementor-heading-title elementor-size-default\">Batterieemulator\/-tester<\/h2>\t\t\t\t<\/div>\n\t\t\t\t<\/div>\n\t\t\t\t\t<\/div>\n\t\t\t\t<\/div>\n\t\t<div class=\"elementor-element elementor-element-d2caf93 e-flex e-con-boxed e-con e-parent\" data-id=\"d2caf93\" data-element_type=\"container\" data-e-type=\"container\">\n\t\t\t\t\t<div class=\"e-con-inner\">\n\t\t<div class=\"elementor-element elementor-element-26dde68 e-con-full e-flex e-con e-child\" data-id=\"26dde68\" data-element_type=\"container\" data-e-type=\"container\">\n\t\t\t\t<div class=\"elementor-element elementor-element-a481cfe elementor-widget elementor-widget-image\" data-id=\"a481cfe\" data-element_type=\"widget\" data-e-type=\"widget\" data-widget_type=\"image.default\">\n\t\t\t\t<div class=\"elementor-widget-container\">\n\t\t\t\t\t\t\t\t\t\t\t\t\t\t\t<img fetchpriority=\"high\" decoding=\"async\" width=\"883\" height=\"1024\" src=\"https:\/\/fahrzeugtechnik.fh-joanneum.at\/prueffeld\/wp-content\/uploads\/2024\/09\/Batterieemulator-883x1024.jpg\" class=\"attachment-large size-large wp-image-862\" alt=\"\" srcset=\"https:\/\/fahrzeugtechnik.fh-joanneum.at\/prueffeld\/wp-content\/uploads\/2024\/09\/Batterieemulator-883x1024.jpg 883w, https:\/\/fahrzeugtechnik.fh-joanneum.at\/prueffeld\/wp-content\/uploads\/2024\/09\/Batterieemulator-259x300.jpg 259w, https:\/\/fahrzeugtechnik.fh-joanneum.at\/prueffeld\/wp-content\/uploads\/2024\/09\/Batterieemulator-768x891.jpg 768w, https:\/\/fahrzeugtechnik.fh-joanneum.at\/prueffeld\/wp-content\/uploads\/2024\/09\/Batterieemulator-1324x1536.jpg 1324w, https:\/\/fahrzeugtechnik.fh-joanneum.at\/prueffeld\/wp-content\/uploads\/2024\/09\/Batterieemulator-1766x2048.jpg 1766w, https:\/\/fahrzeugtechnik.fh-joanneum.at\/prueffeld\/wp-content\/uploads\/2024\/09\/Batterieemulator.jpg 1863w\" sizes=\"(max-width: 883px) 100vw, 883px\" \/>\t\t\t\t\t\t\t\t\t\t\t\t\t\t\t<\/div>\n\t\t\t\t<\/div>\n\t\t\t\t<\/div>\n\t\t<div class=\"elementor-element elementor-element-d0388c4 e-con-full e-flex e-con e-child\" data-id=\"d0388c4\" data-element_type=\"container\" data-e-type=\"container\">\n\t\t\t\t<div class=\"elementor-element elementor-element-35c8471 elementor-widget elementor-widget-image\" data-id=\"35c8471\" data-element_type=\"widget\" data-e-type=\"widget\" data-widget_type=\"image.default\">\n\t\t\t\t<div class=\"elementor-widget-container\">\n\t\t\t\t\t\t\t\t\t\t\t\t\t\t\t<img decoding=\"async\" width=\"884\" height=\"1024\" src=\"https:\/\/fahrzeugtechnik.fh-joanneum.at\/prueffeld\/wp-content\/uploads\/2024\/09\/Kasten-884x1024.jpg\" class=\"attachment-large size-large wp-image-863\" alt=\"\" srcset=\"https:\/\/fahrzeugtechnik.fh-joanneum.at\/prueffeld\/wp-content\/uploads\/2024\/09\/Kasten-884x1024.jpg 884w, https:\/\/fahrzeugtechnik.fh-joanneum.at\/prueffeld\/wp-content\/uploads\/2024\/09\/Kasten-259x300.jpg 259w, https:\/\/fahrzeugtechnik.fh-joanneum.at\/prueffeld\/wp-content\/uploads\/2024\/09\/Kasten-768x890.jpg 768w, https:\/\/fahrzeugtechnik.fh-joanneum.at\/prueffeld\/wp-content\/uploads\/2024\/09\/Kasten-1326x1536.jpg 1326w, https:\/\/fahrzeugtechnik.fh-joanneum.at\/prueffeld\/wp-content\/uploads\/2024\/09\/Kasten-1768x2048.jpg 1768w, https:\/\/fahrzeugtechnik.fh-joanneum.at\/prueffeld\/wp-content\/uploads\/2024\/09\/Kasten.jpg 1864w\" sizes=\"(max-width: 884px) 100vw, 884px\" \/>\t\t\t\t\t\t\t\t\t\t\t\t\t\t\t<\/div>\n\t\t\t\t<\/div>\n\t\t\t\t<\/div>\n\t\t\t\t\t<\/div>\n\t\t\t\t<\/div>\n\t\t<div class=\"elementor-element elementor-element-e7b43ba e-flex e-con-boxed e-con e-parent\" data-id=\"e7b43ba\" data-element_type=\"container\" data-e-type=\"container\">\n\t\t\t\t\t<div class=\"e-con-inner\">\n\t\t\t\t<div class=\"elementor-element elementor-element-7f884e3 elementor-widget elementor-widget-text-editor\" data-id=\"7f884e3\" data-element_type=\"widget\" data-e-type=\"widget\" data-widget_type=\"text-editor.default\">\n\t\t\t\t<div class=\"elementor-widget-container\">\n\t\t\t\t\t\t\t\t\t<p><strong>Einsatzgebiete<\/strong><\/p><ul><li>Hochdynamisches Leistungsversorgungssystem<\/li><li>Verwendung als DC-Quelle f\u00fcr E-Motor und Invertersysteme<\/li><li>Testen von Batterien, Supercaps und Brennstoffzellen<\/li><li>Realit\u00e4tsgetreue Nachbildung des Fahrzeug-Energiespeichers im Emulatorbetrieb<\/li><li>Stra\u00dfenlast- und Reifenschlupfsimulationen<\/li><\/ul>\t\t\t\t\t\t\t\t<\/div>\n\t\t\t\t<\/div>\n\t\t\t\t\t<\/div>\n\t\t\t\t<\/div>\n\t\t<div class=\"elementor-element elementor-element-1698648 e-flex e-con-boxed e-con e-parent\" data-id=\"1698648\" data-element_type=\"container\" data-e-type=\"container\">\n\t\t\t\t\t<div class=\"e-con-inner\">\n\t\t\t\t<div class=\"elementor-element elementor-element-0f92ad7 elementor-widget elementor-widget-text-editor\" data-id=\"0f92ad7\" data-element_type=\"widget\" data-e-type=\"widget\" data-widget_type=\"text-editor.default\">\n\t\t\t\t<div class=\"elementor-widget-container\">\n\t\t\t\t\t\t\t\t\t<p><strong>Merkmale:<\/strong><\/p><ul><li>400 kW Ausgangsleistung<\/li><li>1200 V Ausgangsspannung<\/li><li>800 A Ausgangsstrom<\/li><li>ASM in 2M-Anordnung 380\u00a0kW, 3200 Nm, 4000 U\/min<\/li><li>Untersetzungsgetriebe f\u00fcr h\u00f6here Drehzahlen<\/li><\/ul>\t\t\t\t\t\t\t\t<\/div>\n\t\t\t\t<\/div>\n\t\t\t\t\t<\/div>\n\t\t\t\t<\/div>\n\t\t<div class=\"elementor-element elementor-element-d32fec9 e-flex e-con-boxed e-con e-parent\" data-id=\"d32fec9\" data-element_type=\"container\" data-e-type=\"container\">\n\t\t\t\t\t<div class=\"e-con-inner\">\n\t\t\t\t<div class=\"elementor-element elementor-element-232491d elementor-widget elementor-widget-text-editor\" data-id=\"232491d\" data-element_type=\"widget\" data-e-type=\"widget\" data-widget_type=\"text-editor.default\">\n\t\t\t\t<div class=\"elementor-widget-container\">\n\t\t\t\t\t\t\t\t\t<p>Ein Batteriesimulator ersetzt dabei die HV-Batterie, um den Pr\u00fcfbetrieb nicht von Ladezeiten abh\u00e4ngig zu machen. Au\u00dferdem erh\u00f6ht sich dadurch die Betriebssicherheit, da f\u00fcr eine HV-Batterie im harten Pr\u00fcfstandbetrieb strenge Sicherheitsanforderungen gelten. Im Betrieb als Emulator kann das System das Verhalten des Energiespeichers im Fahrzeug realit\u00e4tsgetreu nachbilden.<\/p>\t\t\t\t\t\t\t\t<\/div>\n\t\t\t\t<\/div>\n\t\t\t\t\t<\/div>\n\t\t\t\t<\/div>\n\t\t<div class=\"elementor-element elementor-element-b5738bb e-flex e-con-boxed e-con e-parent\" data-id=\"b5738bb\" data-element_type=\"container\" data-e-type=\"container\">\n\t\t\t\t\t<div class=\"e-con-inner\">\n\t\t\t\t<div class=\"elementor-element elementor-element-7029b51 elementor-widget elementor-widget-button\" data-id=\"7029b51\" data-element_type=\"widget\" data-e-type=\"widget\" data-widget_type=\"button.default\">\n\t\t\t\t<div class=\"elementor-widget-container\">\n\t\t\t\t\t\t\t\t\t<div class=\"elementor-button-wrapper\">\n\t\t\t\t\t<a class=\"elementor-button elementor-button-link elementor-size-sm\" href=\"https:\/\/fahrzeugtechnik.fh-joanneum.at\/prueffeld\/wp-content\/uploads\/2024\/09\/Batterieemulator-Tester_Datenblatt-16.pdf\">\n\t\t\t\t\t\t<span class=\"elementor-button-content-wrapper\">\n\t\t\t\t\t\t\t\t\t<span class=\"elementor-button-text\">Datenblatt Batterieemulator\/-tester<\/span>\n\t\t\t\t\t<\/span>\n\t\t\t\t\t<\/a>\n\t\t\t\t<\/div>\n\t\t\t\t\t\t\t\t<\/div>\n\t\t\t\t<\/div>\n\t\t\t\t\t<\/div>\n\t\t\t\t<\/div>\n\t\t\t\t<\/div>\n\t\t","protected":false},"excerpt":{"rendered":"<p>Batterieemulator\/-tester Einsatzgebiete Hochdynamisches Leistungsversorgungssystem Verwendung als DC-Quelle f\u00fcr E-Motor und Invertersysteme Testen von Batterien, Supercaps und Brennstoffzellen Realit\u00e4tsgetreue Nachbildung des Fahrzeug-Energiespeichers im Emulatorbetrieb Stra\u00dfenlast- und Reifenschlupfsimulationen Merkmale: 400 kW Ausgangsleistung 1200 V Ausgangsspannung 800 A Ausgangsstrom ASM in 2M-Anordnung 380\u00a0kW, 3200 Nm, 4000 U\/min Untersetzungsgetriebe f\u00fcr h\u00f6here Drehzahlen Ein Batteriesimulator ersetzt dabei die HV-Batterie, um [&hellip;]<\/p>\n","protected":false},"author":2,"featured_media":0,"parent":0,"menu_order":0,"comment_status":"closed","ping_status":"closed","template":"","meta":{"footnotes":""},"class_list":["post-354","page","type-page","status-publish","hentry"],"_links":{"self":[{"href":"https:\/\/fahrzeugtechnik.fh-joanneum.at\/prueffeld\/wp-json\/wp\/v2\/pages\/354","targetHints":{"allow":["GET"]}}],"collection":[{"href":"https:\/\/fahrzeugtechnik.fh-joanneum.at\/prueffeld\/wp-json\/wp\/v2\/pages"}],"about":[{"href":"https:\/\/fahrzeugtechnik.fh-joanneum.at\/prueffeld\/wp-json\/wp\/v2\/types\/page"}],"author":[{"embeddable":true,"href":"https:\/\/fahrzeugtechnik.fh-joanneum.at\/prueffeld\/wp-json\/wp\/v2\/users\/2"}],"replies":[{"embeddable":true,"href":"https:\/\/fahrzeugtechnik.fh-joanneum.at\/prueffeld\/wp-json\/wp\/v2\/comments?post=354"}],"version-history":[{"count":38,"href":"https:\/\/fahrzeugtechnik.fh-joanneum.at\/prueffeld\/wp-json\/wp\/v2\/pages\/354\/revisions"}],"predecessor-version":[{"id":1184,"href":"https:\/\/fahrzeugtechnik.fh-joanneum.at\/prueffeld\/wp-json\/wp\/v2\/pages\/354\/revisions\/1184"}],"wp:attachment":[{"href":"https:\/\/fahrzeugtechnik.fh-joanneum.at\/prueffeld\/wp-json\/wp\/v2\/media?parent=354"}],"curies":[{"name":"wp","href":"https:\/\/api.w.org\/{rel}","templated":true}]}}