{"id":346,"date":"2024-07-31T13:35:28","date_gmt":"2024-07-31T13:35:28","guid":{"rendered":"https:\/\/fahrzeugtechnik.fh-joanneum.at\/prueffeld\/?page_id=346"},"modified":"2024-09-13T10:03:23","modified_gmt":"2024-09-13T10:03:23","slug":"shed","status":"publish","type":"page","link":"https:\/\/fahrzeugtechnik.fh-joanneum.at\/prueffeld\/shed\/","title":{"rendered":""},"content":{"rendered":"\t\t<div data-elementor-type=\"wp-page\" data-elementor-id=\"346\" class=\"elementor elementor-346\">\n\t\t\t\t<div class=\"elementor-element elementor-element-6469e0f e-flex e-con-boxed e-con e-parent\" data-id=\"6469e0f\" data-element_type=\"container\" data-e-type=\"container\">\n\t\t\t\t\t<div class=\"e-con-inner\">\n\t\t<div class=\"elementor-element elementor-element-360978f e-con-full e-flex e-con e-child\" data-id=\"360978f\" data-element_type=\"container\" data-e-type=\"container\">\n\t\t\t\t<div class=\"elementor-element elementor-element-68017b7 elementor-widget elementor-widget-heading\" data-id=\"68017b7\" data-element_type=\"widget\" data-e-type=\"widget\" data-widget_type=\"heading.default\">\n\t\t\t\t<div class=\"elementor-widget-container\">\n\t\t\t\t\t<h2 class=\"elementor-heading-title elementor-size-default\">Die SHED Kabine - <br>Sealed Housing for Evaporative Determination<\/h2>\t\t\t\t<\/div>\n\t\t\t\t<\/div>\n\t\t\t\t<\/div>\n\t\t<div class=\"elementor-element elementor-element-28efc2f e-con-full e-flex e-con e-child\" data-id=\"28efc2f\" data-element_type=\"container\" data-e-type=\"container\">\n\t\t\t\t<div class=\"elementor-element elementor-element-43399d2 elementor-widget elementor-widget-image\" data-id=\"43399d2\" data-element_type=\"widget\" data-e-type=\"widget\" data-widget_type=\"image.default\">\n\t\t\t\t<div class=\"elementor-widget-container\">\n\t\t\t\t\t\t\t\t\t\t\t\t\t\t\t<img fetchpriority=\"high\" decoding=\"async\" width=\"316\" height=\"308\" src=\"https:\/\/fahrzeugtechnik.fh-joanneum.at\/prueffeld\/wp-content\/uploads\/2024\/08\/Akkreditierung.png\" class=\"attachment-large size-large wp-image-639\" alt=\"\" srcset=\"https:\/\/fahrzeugtechnik.fh-joanneum.at\/prueffeld\/wp-content\/uploads\/2024\/08\/Akkreditierung.png 316w, https:\/\/fahrzeugtechnik.fh-joanneum.at\/prueffeld\/wp-content\/uploads\/2024\/08\/Akkreditierung-300x292.png 300w\" sizes=\"(max-width: 316px) 100vw, 316px\" \/>\t\t\t\t\t\t\t\t\t\t\t\t\t\t\t<\/div>\n\t\t\t\t<\/div>\n\t\t\t\t<\/div>\n\t\t\t\t\t<\/div>\n\t\t\t\t<\/div>\n\t\t<div class=\"elementor-element elementor-element-ae49668 e-flex e-con-boxed e-con e-parent\" data-id=\"ae49668\" data-element_type=\"container\" data-e-type=\"container\">\n\t\t\t\t\t<div class=\"e-con-inner\">\n\t\t\t\t<div class=\"elementor-element elementor-element-b13357f elementor-arrows-position-inside elementor-pagination-position-outside elementor-widget elementor-widget-image-carousel\" data-id=\"b13357f\" data-element_type=\"widget\" data-e-type=\"widget\" data-settings=\"{&quot;slides_to_show&quot;:&quot;1&quot;,&quot;navigation&quot;:&quot;both&quot;,&quot;autoplay&quot;:&quot;yes&quot;,&quot;pause_on_hover&quot;:&quot;yes&quot;,&quot;pause_on_interaction&quot;:&quot;yes&quot;,&quot;autoplay_speed&quot;:5000,&quot;infinite&quot;:&quot;yes&quot;,&quot;effect&quot;:&quot;slide&quot;,&quot;speed&quot;:500}\" data-widget_type=\"image-carousel.default\">\n\t\t\t\t<div class=\"elementor-widget-container\">\n\t\t\t\t\t\t\t<div class=\"elementor-image-carousel-wrapper swiper\" role=\"region\" aria-roledescription=\"carousel\" aria-label=\"Image Carousel\" dir=\"ltr\">\n\t\t\t<div class=\"elementor-image-carousel swiper-wrapper\" aria-live=\"off\">\n\t\t\t\t\t\t\t\t<div class=\"swiper-slide\" role=\"group\" aria-roledescription=\"slide\" aria-label=\"1 of 3\"><figure class=\"swiper-slide-inner\"><img decoding=\"async\" class=\"swiper-slide-image\" src=\"https:\/\/fahrzeugtechnik.fh-joanneum.at\/prueffeld\/wp-content\/uploads\/2024\/08\/Bild-1-268x400-1.jpg\" alt=\"Bild 1 268x400\" \/><\/figure><\/div><div class=\"swiper-slide\" role=\"group\" aria-roledescription=\"slide\" aria-label=\"2 of 3\"><figure class=\"swiper-slide-inner\"><img decoding=\"async\" class=\"swiper-slide-image\" src=\"https:\/\/fahrzeugtechnik.fh-joanneum.at\/prueffeld\/wp-content\/uploads\/2024\/08\/Bild2-268x400-1.jpg\" alt=\"Bild2 268x400\" \/><\/figure><\/div><div class=\"swiper-slide\" role=\"group\" aria-roledescription=\"slide\" aria-label=\"3 of 3\"><figure class=\"swiper-slide-inner\"><img decoding=\"async\" class=\"swiper-slide-image\" src=\"https:\/\/fahrzeugtechnik.fh-joanneum.at\/prueffeld\/wp-content\/uploads\/2024\/08\/Bild-3-1.jpg\" alt=\"Bild 3\" \/><\/figure><\/div>\t\t\t<\/div>\n\t\t\t\t\t\t\t\t\t\t\t\t<div class=\"elementor-swiper-button elementor-swiper-button-prev\" role=\"button\" tabindex=\"0\">\n\t\t\t\t\t\t<svg aria-hidden=\"true\" class=\"e-font-icon-svg e-eicon-chevron-left\" viewBox=\"0 0 1000 1000\" xmlns=\"http:\/\/www.w3.org\/2000\/svg\"><path d=\"M646 125C629 125 613 133 604 142L308 442C296 454 292 471 292 487 292 504 296 521 308 533L604 854C617 867 629 875 646 875 663 875 679 871 692 858 704 846 713 829 713 812 713 796 708 779 692 767L438 487 692 225C700 217 708 204 708 187 708 171 704 154 692 142 675 129 663 125 646 125Z\"><\/path><\/svg>\t\t\t\t\t<\/div>\n\t\t\t\t\t<div class=\"elementor-swiper-button elementor-swiper-button-next\" role=\"button\" tabindex=\"0\">\n\t\t\t\t\t\t<svg aria-hidden=\"true\" class=\"e-font-icon-svg e-eicon-chevron-right\" viewBox=\"0 0 1000 1000\" xmlns=\"http:\/\/www.w3.org\/2000\/svg\"><path d=\"M696 533C708 521 713 504 713 487 713 471 708 454 696 446L400 146C388 133 375 125 354 125 338 125 325 129 313 142 300 154 292 171 292 187 292 204 296 221 308 233L563 492 304 771C292 783 288 800 288 817 288 833 296 850 308 863 321 871 338 875 354 875 371 875 388 867 400 854L696 533Z\"><\/path><\/svg>\t\t\t\t\t<\/div>\n\t\t\t\t\n\t\t\t\t\t\t\t\t\t<div class=\"swiper-pagination\"><\/div>\n\t\t\t\t\t\t\t\t\t<\/div>\n\t\t\t\t\t\t<\/div>\n\t\t\t\t<\/div>\n\t\t\t\t\t<\/div>\n\t\t\t\t<\/div>\n\t\t<div class=\"elementor-element elementor-element-7e4a688 e-flex e-con-boxed e-con e-parent\" data-id=\"7e4a688\" data-element_type=\"container\" data-e-type=\"container\">\n\t\t\t\t\t<div class=\"e-con-inner\">\n\t\t\t\t<div class=\"elementor-element elementor-element-7544d7f elementor-widget elementor-widget-text-editor\" data-id=\"7544d7f\" data-element_type=\"widget\" data-e-type=\"widget\" data-widget_type=\"text-editor.default\">\n\t\t\t\t<div class=\"elementor-widget-container\">\n\t\t\t\t\t\t\t\t\t<p>Ein Fahrzeug kann nicht nur im gestarteten Zustand Kohlenwasserstoff-Emissionen emittieren, sondern auch im Stillstand. So gab es Tankentl\u00fcftungssysteme, die bei \u00dcberdruck im Tank, zum Beispiel durch Erw\u00e4rmung des Kraftstoffs im Sommer, diesen ins Freie abgeblasen haben. Dabei entweichen auch Kohlenwasserstoffe. Diese Emissionen wurden limitiert und m\u00fcssen \u00fcberwacht werden. Aus diesem Grund gibt es SHED-Messungen.<\/p><p>Die SHED-Pr\u00fcfkabine ist ein luftdicht abgeschlossener Raum, dem Luftproben zur Analyse entnommen werden. Der Pr\u00fcfling kann entweder ein ganzes Fahrzeug sein oder auch nur einzelne Komponenten davon.<\/p>\t\t\t\t\t\t\t\t<\/div>\n\t\t\t\t<\/div>\n\t\t\t\t\t<\/div>\n\t\t\t\t<\/div>\n\t\t<div class=\"elementor-element elementor-element-622e266 e-flex e-con-boxed e-con e-parent\" data-id=\"622e266\" data-element_type=\"container\" data-e-type=\"container\">\n\t\t\t\t\t<div class=\"e-con-inner\">\n\t\t\t\t<div class=\"elementor-element elementor-element-5e637b3 elementor-widget elementor-widget-image\" data-id=\"5e637b3\" data-element_type=\"widget\" data-e-type=\"widget\" data-widget_type=\"image.default\">\n\t\t\t\t<div class=\"elementor-widget-container\">\n\t\t\t\t\t\t\t\t\t\t\t\t\t\t\t<img decoding=\"async\" width=\"1024\" height=\"470\" src=\"https:\/\/fahrzeugtechnik.fh-joanneum.at\/prueffeld\/wp-content\/uploads\/2024\/08\/Bild-4-1024x470.png\" class=\"attachment-large size-large wp-image-683\" alt=\"\" srcset=\"https:\/\/fahrzeugtechnik.fh-joanneum.at\/prueffeld\/wp-content\/uploads\/2024\/08\/Bild-4-1024x470.png 1024w, https:\/\/fahrzeugtechnik.fh-joanneum.at\/prueffeld\/wp-content\/uploads\/2024\/08\/Bild-4-300x138.png 300w, https:\/\/fahrzeugtechnik.fh-joanneum.at\/prueffeld\/wp-content\/uploads\/2024\/08\/Bild-4-768x352.png 768w, https:\/\/fahrzeugtechnik.fh-joanneum.at\/prueffeld\/wp-content\/uploads\/2024\/08\/Bild-4-1536x704.png 1536w, https:\/\/fahrzeugtechnik.fh-joanneum.at\/prueffeld\/wp-content\/uploads\/2024\/08\/Bild-4-2048x939.png 2048w\" sizes=\"(max-width: 1024px) 100vw, 1024px\" \/>\t\t\t\t\t\t\t\t\t\t\t\t\t\t\t<\/div>\n\t\t\t\t<\/div>\n\t\t\t\t\t<\/div>\n\t\t\t\t<\/div>\n\t\t<div class=\"elementor-element elementor-element-01c11a0 e-flex e-con-boxed e-con e-parent\" data-id=\"01c11a0\" data-element_type=\"container\" data-e-type=\"container\">\n\t\t\t\t\t<div class=\"e-con-inner\">\n\t\t\t\t<div class=\"elementor-element elementor-element-60ee150 elementor-widget elementor-widget-text-editor\" data-id=\"60ee150\" data-element_type=\"widget\" data-e-type=\"widget\" data-widget_type=\"text-editor.default\">\n\t\t\t\t<div class=\"elementor-widget-container\">\n\t\t\t\t\t\t\t\t\t<p><strong>Leistungsbeschreibung<\/strong><\/p>\n<ul>\n<li>Verdunstungs- und Emissionsmessungen f\u00fcr Tanksysteme und Gesamtfahrzeuge in der SHED-Kabine gem\u00e4\u00df europ\u00e4ischen und amerikanischen Normen<\/li>\n<li>F\u00fcr Fahrzeuge mit Benzinmotoren, Hybridfahrzeuge, Fahrzeugkomponenten<\/li>\n<li>GTR 19<\/li>\n<li>WLTP<\/li>\n<li>EPA 1066<\/li>\n<li>Betankungsversuche (hei\u00df, kalt, ORVR)<\/li>\n<li>Messung von Kohlenwasserstoff-Emissionen<\/li>\n<\/ul>\n<p><strong>Merkmale<\/strong><\/p>\n<ul>\n<li>Hersteller: Weiss Umwelttechnik GmbH<\/li>\n<li>Automatisierungssystem: Tornado Version 6<\/li>\n<li>Analysetechnik: Pierburg PM 2000 SHED FID<\/li>\n<li>Ma\u00dfe: freie L\u00e4nge: 6 m, Tor: B x H 2,5 x 2,3 m<\/li>\n<li>Anschaffungsjahr: 1998<\/li>\n<li>Analyse \/ Messwerte: HC<\/li>\n<\/ul>\t\t\t\t\t\t\t\t<\/div>\n\t\t\t\t<\/div>\n\t\t\t\t\t<\/div>\n\t\t\t\t<\/div>\n\t\t<div class=\"elementor-element elementor-element-2a5e632 e-flex e-con-boxed e-con e-parent\" data-id=\"2a5e632\" data-element_type=\"container\" data-e-type=\"container\">\n\t\t\t\t\t<div class=\"e-con-inner\">\n\t\t\t\t<div class=\"elementor-element elementor-element-3ea7ea9 elementor-widget elementor-widget-button\" data-id=\"3ea7ea9\" data-element_type=\"widget\" data-e-type=\"widget\" data-widget_type=\"button.default\">\n\t\t\t\t<div class=\"elementor-widget-container\">\n\t\t\t\t\t\t\t\t\t<div class=\"elementor-button-wrapper\">\n\t\t\t\t\t<a class=\"elementor-button elementor-button-link elementor-size-sm\" href=\"https:\/\/fahrzeugtechnik.fh-joanneum.at\/prueffeld\/wp-content\/uploads\/2024\/09\/SHED-Anlage_Datenblatt-09.pdf\">\n\t\t\t\t\t\t<span class=\"elementor-button-content-wrapper\">\n\t\t\t\t\t\t\t\t\t<span class=\"elementor-button-text\">Datenblatt SHED<\/span>\n\t\t\t\t\t<\/span>\n\t\t\t\t\t<\/a>\n\t\t\t\t<\/div>\n\t\t\t\t\t\t\t\t<\/div>\n\t\t\t\t<\/div>\n\t\t\t\t\t<\/div>\n\t\t\t\t<\/div>\n\t\t\t\t<\/div>\n\t\t","protected":false},"excerpt":{"rendered":"<p>Die SHED Kabine &#8211; Sealed Housing for Evaporative Determination Ein Fahrzeug kann nicht nur im gestarteten Zustand Kohlenwasserstoff-Emissionen emittieren, sondern auch im Stillstand. So gab es Tankentl\u00fcftungssysteme, die bei \u00dcberdruck im Tank, zum Beispiel durch Erw\u00e4rmung des Kraftstoffs im Sommer, diesen ins Freie abgeblasen haben. Dabei entweichen auch Kohlenwasserstoffe. Diese Emissionen wurden limitiert und m\u00fcssen [&hellip;]<\/p>\n","protected":false},"author":2,"featured_media":0,"parent":0,"menu_order":0,"comment_status":"closed","ping_status":"closed","template":"","meta":{"footnotes":""},"class_list":["post-346","page","type-page","status-publish","hentry"],"_links":{"self":[{"href":"https:\/\/fahrzeugtechnik.fh-joanneum.at\/prueffeld\/wp-json\/wp\/v2\/pages\/346","targetHints":{"allow":["GET"]}}],"collection":[{"href":"https:\/\/fahrzeugtechnik.fh-joanneum.at\/prueffeld\/wp-json\/wp\/v2\/pages"}],"about":[{"href":"https:\/\/fahrzeugtechnik.fh-joanneum.at\/prueffeld\/wp-json\/wp\/v2\/types\/page"}],"author":[{"embeddable":true,"href":"https:\/\/fahrzeugtechnik.fh-joanneum.at\/prueffeld\/wp-json\/wp\/v2\/users\/2"}],"replies":[{"embeddable":true,"href":"https:\/\/fahrzeugtechnik.fh-joanneum.at\/prueffeld\/wp-json\/wp\/v2\/comments?post=346"}],"version-history":[{"count":50,"href":"https:\/\/fahrzeugtechnik.fh-joanneum.at\/prueffeld\/wp-json\/wp\/v2\/pages\/346\/revisions"}],"predecessor-version":[{"id":1223,"href":"https:\/\/fahrzeugtechnik.fh-joanneum.at\/prueffeld\/wp-json\/wp\/v2\/pages\/346\/revisions\/1223"}],"wp:attachment":[{"href":"https:\/\/fahrzeugtechnik.fh-joanneum.at\/prueffeld\/wp-json\/wp\/v2\/media?parent=346"}],"curies":[{"name":"wp","href":"https:\/\/api.w.org\/{rel}","templated":true}]}}