{"id":132,"date":"2024-07-22T14:13:51","date_gmt":"2024-07-22T14:13:51","guid":{"rendered":"https:\/\/fahrzeugtechnik.fh-joanneum.at\/prueffeld\/?page_id=132"},"modified":"2026-01-13T12:45:53","modified_gmt":"2026-01-13T12:45:53","slug":"home","status":"publish","type":"page","link":"https:\/\/fahrzeugtechnik.fh-joanneum.at\/prueffeld\/","title":{"rendered":""},"content":{"rendered":"\t\t<div data-elementor-type=\"wp-page\" data-elementor-id=\"132\" class=\"elementor elementor-132\">\n\t\t\t\t<div class=\"elementor-element elementor-element-42fe981 e-flex e-con-boxed e-con e-parent\" data-id=\"42fe981\" data-element_type=\"container\" data-e-type=\"container\">\n\t\t\t\t\t<div class=\"e-con-inner\">\n\t\t<div class=\"elementor-element elementor-element-418a767 e-con-full e-flex e-con e-child\" data-id=\"418a767\" data-element_type=\"container\" data-e-type=\"container\">\n\t\t\t\t<div class=\"elementor-element elementor-element-1bf79f1 elementor-widget__width-initial elementor-widget elementor-widget-image\" data-id=\"1bf79f1\" data-element_type=\"widget\" data-e-type=\"widget\" data-widget_type=\"image.default\">\n\t\t\t\t<div class=\"elementor-widget-container\">\n\t\t\t\t\t\t\t\t\t\t\t\t\t\t\t<img fetchpriority=\"high\" decoding=\"async\" width=\"583\" height=\"308\" src=\"https:\/\/fahrzeugtechnik.fh-joanneum.at\/prueffeld\/wp-content\/uploads\/2024\/08\/Bild-ohne-Hintergrun.png\" class=\"elementor-animation-bounce-in attachment-large size-large wp-image-687\" alt=\"\" srcset=\"https:\/\/fahrzeugtechnik.fh-joanneum.at\/prueffeld\/wp-content\/uploads\/2024\/08\/Bild-ohne-Hintergrun.png 583w, https:\/\/fahrzeugtechnik.fh-joanneum.at\/prueffeld\/wp-content\/uploads\/2024\/08\/Bild-ohne-Hintergrun-300x158.png 300w\" sizes=\"(max-width: 583px) 100vw, 583px\" \/>\t\t\t\t\t\t\t\t\t\t\t\t\t\t\t<\/div>\n\t\t\t\t<\/div>\n\t\t\t\t<\/div>\n\t\t<div class=\"elementor-element elementor-element-d5c357a e-con-full e-flex e-con e-child\" data-id=\"d5c357a\" data-element_type=\"container\" data-e-type=\"container\">\n\t\t\t\t<div class=\"elementor-element elementor-element-0085d50 elementor-widget elementor-widget-image\" data-id=\"0085d50\" data-element_type=\"widget\" data-e-type=\"widget\" data-widget_type=\"image.default\">\n\t\t\t\t<div class=\"elementor-widget-container\">\n\t\t\t\t\t\t\t\t\t\t\t\t\t\t\t<img decoding=\"async\" width=\"150\" height=\"150\" src=\"https:\/\/fahrzeugtechnik.fh-joanneum.at\/prueffeld\/wp-content\/uploads\/2024\/08\/FH-Logo-150x150.png\" class=\"elementor-animation-pulse-grow attachment-thumbnail size-thumbnail wp-image-573\" alt=\"\" srcset=\"https:\/\/fahrzeugtechnik.fh-joanneum.at\/prueffeld\/wp-content\/uploads\/2024\/08\/FH-Logo-150x150.png 150w, https:\/\/fahrzeugtechnik.fh-joanneum.at\/prueffeld\/wp-content\/uploads\/2024\/08\/FH-Logo-300x300.png 300w, https:\/\/fahrzeugtechnik.fh-joanneum.at\/prueffeld\/wp-content\/uploads\/2024\/08\/FH-Logo.png 309w\" sizes=\"(max-width: 150px) 100vw, 150px\" \/>\t\t\t\t\t\t\t\t\t\t\t\t\t\t\t<\/div>\n\t\t\t\t<\/div>\n\t\t\t\t<\/div>\n\t\t\t\t\t<\/div>\n\t\t\t\t<\/div>\n\t\t<div class=\"elementor-element elementor-element-a0ea821 e-flex e-con-boxed e-con e-parent\" data-id=\"a0ea821\" data-element_type=\"container\" data-e-type=\"container\">\n\t\t\t\t\t<div class=\"e-con-inner\">\n\t\t\t\t<div class=\"elementor-element elementor-element-af40346 elementor-widget elementor-widget-heading\" data-id=\"af40346\" data-element_type=\"widget\" data-e-type=\"widget\" data-widget_type=\"heading.default\">\n\t\t\t\t<div class=\"elementor-widget-container\">\n\t\t\t\t\t<h2 class=\"elementor-heading-title elementor-size-default\">Automotive Testing Lab<\/h2>\t\t\t\t<\/div>\n\t\t\t\t<\/div>\n\t\t\t\t\t<\/div>\n\t\t\t\t<\/div>\n\t\t<div class=\"elementor-element elementor-element-5ddfcc1 e-flex e-con-boxed e-con e-parent\" data-id=\"5ddfcc1\" data-element_type=\"container\" data-e-type=\"container\">\n\t\t\t\t\t<div class=\"e-con-inner\">\n\t\t\t\t<div class=\"elementor-element elementor-element-1d706d8 elementor-widget elementor-widget-text-editor\" data-id=\"1d706d8\" data-element_type=\"widget\" data-e-type=\"widget\" data-widget_type=\"text-editor.default\">\n\t\t\t\t<div class=\"elementor-widget-container\">\n\t\t\t\t\t\t\t\t\t<p class=\"has-text-align-center\">Ihr Partner f\u00fcr akkreditierte Pr\u00fcfungen in der Automobilindustrie und in der angewandten Forschung und Entwicklung. Das Institut Fahrzeugtechnik der FH JOANNEUM betreibt neben der Lehre angewandte Forschung und Entwicklung auf h\u00f6chstem Niveau.<\/p><p class=\"has-text-align-center\">Um auf lange Sicht systematisch die Qualit\u00e4t der Dienstleistungen f\u00fcr unsere Partner und Kunden steigern zu k\u00f6nnen, haben wir im Bereich unseres Pr\u00fcffeldes auf dem Abgas-Rollenpr\u00fcfstand mit PEMS (Portable emission measurement system) und die SHED (Sealed Housing for Evaporative Determination) Anlage ein umfassendes Qualit\u00e4tsmanagementsystem gem\u00e4\u00df der Norm DIN EN ISO 17025 (Allgemeine Anforderungen an die Kompetenz von Pr\u00fcf- und Kalibrierlaboratorien) eingef\u00fchrt und weiterentwickelt.<\/p><p class=\"has-text-align-center\">In angewandten Forschungsprojekten decken wir von der wissenschaftlichen Bearbeitung aktueller Themen bis zur Herstellung von Prototypen ein breites Spektrum ab.<\/p>\t\t\t\t\t\t\t\t<\/div>\n\t\t\t\t<\/div>\n\t\t\t\t\t<\/div>\n\t\t\t\t<\/div>\n\t\t<div class=\"elementor-element elementor-element-23f2b3a e-flex e-con-boxed e-con e-parent\" data-id=\"23f2b3a\" data-element_type=\"container\" data-e-type=\"container\">\n\t\t\t\t\t<div class=\"e-con-inner\">\n\t\t\t\t<div class=\"elementor-element elementor-element-2fec40f elementor-widget elementor-widget-text-editor\" data-id=\"2fec40f\" data-element_type=\"widget\" data-e-type=\"widget\" data-widget_type=\"text-editor.default\">\n\t\t\t\t<div class=\"elementor-widget-container\">\n\t\t\t\t\t\t\t\t\t<p style=\"text-align: center;\">Haben wir ihr Interesse geweckt? Dann nehmen Sie bitte Kontakt mit unseren kompetenten Ansprechpartnern auf.<\/p>\t\t\t\t\t\t\t\t<\/div>\n\t\t\t\t<\/div>\n\t\t\t\t\t<\/div>\n\t\t\t\t<\/div>\n\t\t<div class=\"elementor-element elementor-element-76366e0 e-flex e-con-boxed e-con e-parent\" data-id=\"76366e0\" data-element_type=\"container\" data-e-type=\"container\">\n\t\t\t\t\t<div class=\"e-con-inner\">\n\t\t\t\t<div class=\"elementor-element elementor-element-1703ad7 elementor-align-center elementor-widget elementor-widget-button\" data-id=\"1703ad7\" data-element_type=\"widget\" data-e-type=\"widget\" data-widget_type=\"button.default\">\n\t\t\t\t<div class=\"elementor-widget-container\">\n\t\t\t\t\t\t\t\t\t<div class=\"elementor-button-wrapper\">\n\t\t\t\t\t<a class=\"elementor-button elementor-button-link elementor-size-sm\" href=\"https:\/\/fahrzeugtechnik.fh-joanneum.at\/prueffeld\/kontakt\/\" id=\"https:\/\/fahrzeugtechnik.fh-joanneum.at\/prueffeld\/kontakt\/\">\n\t\t\t\t\t\t<span class=\"elementor-button-content-wrapper\">\n\t\t\t\t\t\t\t\t\t<span class=\"elementor-button-text\">hier geht es zu unseren Ansprechpartnern<\/span>\n\t\t\t\t\t<\/span>\n\t\t\t\t\t<\/a>\n\t\t\t\t<\/div>\n\t\t\t\t\t\t\t\t<\/div>\n\t\t\t\t<\/div>\n\t\t\t\t\t<\/div>\n\t\t\t\t<\/div>\n\t\t<div class=\"elementor-element elementor-element-1884805 e-flex e-con-boxed e-con e-parent\" data-id=\"1884805\" data-element_type=\"container\" data-e-type=\"container\">\n\t\t\t\t\t<div class=\"e-con-inner\">\n\t\t\t\t<div class=\"elementor-element elementor-element-fc92e6e elementor-widget elementor-widget-image\" data-id=\"fc92e6e\" data-element_type=\"widget\" data-e-type=\"widget\" data-widget_type=\"image.default\">\n\t\t\t\t<div class=\"elementor-widget-container\">\n\t\t\t\t\t\t\t\t\t\t\t\t\t\t\t<img decoding=\"async\" width=\"1024\" height=\"564\" src=\"https:\/\/fahrzeugtechnik.fh-joanneum.at\/prueffeld\/wp-content\/uploads\/2024\/07\/Joanneum-Pruefungen-1024x564.jpg\" class=\"attachment-large size-large wp-image-181\" alt=\"\" srcset=\"https:\/\/fahrzeugtechnik.fh-joanneum.at\/prueffeld\/wp-content\/uploads\/2024\/07\/Joanneum-Pruefungen-1024x564.jpg 1024w, https:\/\/fahrzeugtechnik.fh-joanneum.at\/prueffeld\/wp-content\/uploads\/2024\/07\/Joanneum-Pruefungen-300x165.jpg 300w, https:\/\/fahrzeugtechnik.fh-joanneum.at\/prueffeld\/wp-content\/uploads\/2024\/07\/Joanneum-Pruefungen-768x423.jpg 768w, https:\/\/fahrzeugtechnik.fh-joanneum.at\/prueffeld\/wp-content\/uploads\/2024\/07\/Joanneum-Pruefungen.jpg 1152w\" sizes=\"(max-width: 1024px) 100vw, 1024px\" \/>\t\t\t\t\t\t\t\t\t\t\t\t\t\t\t<\/div>\n\t\t\t\t<\/div>\n\t\t\t\t\t<\/div>\n\t\t\t\t<\/div>\n\t\t<div class=\"elementor-element elementor-element-cca732b e-flex e-con-boxed e-con e-parent\" data-id=\"cca732b\" data-element_type=\"container\" data-e-type=\"container\">\n\t\t\t\t\t<div class=\"e-con-inner\">\n\t\t\t\t<div class=\"elementor-element elementor-element-286d8a5 elementor-widget__width-initial elementor-widget elementor-widget-image\" data-id=\"286d8a5\" data-element_type=\"widget\" data-e-type=\"widget\" data-widget_type=\"image.default\">\n\t\t\t\t<div class=\"elementor-widget-container\">\n\t\t\t\t\t\t\t\t\t\t\t\t\t\t\t<img loading=\"lazy\" decoding=\"async\" width=\"1024\" height=\"698\" src=\"https:\/\/fahrzeugtechnik.fh-joanneum.at\/prueffeld\/wp-content\/uploads\/2024\/09\/Prueffeld-1024x698.jpg\" class=\"attachment-large size-large wp-image-1239\" alt=\"\" srcset=\"https:\/\/fahrzeugtechnik.fh-joanneum.at\/prueffeld\/wp-content\/uploads\/2024\/09\/Prueffeld-1024x698.jpg 1024w, https:\/\/fahrzeugtechnik.fh-joanneum.at\/prueffeld\/wp-content\/uploads\/2024\/09\/Prueffeld-300x204.jpg 300w, https:\/\/fahrzeugtechnik.fh-joanneum.at\/prueffeld\/wp-content\/uploads\/2024\/09\/Prueffeld-768x523.jpg 768w, https:\/\/fahrzeugtechnik.fh-joanneum.at\/prueffeld\/wp-content\/uploads\/2024\/09\/Prueffeld-1536x1047.jpg 1536w, https:\/\/fahrzeugtechnik.fh-joanneum.at\/prueffeld\/wp-content\/uploads\/2024\/09\/Prueffeld-2048x1396.jpg 2048w\" sizes=\"(max-width: 1024px) 100vw, 1024px\" \/>\t\t\t\t\t\t\t\t\t\t\t\t\t\t\t<\/div>\n\t\t\t\t<\/div>\n\t\t\t\t\t<\/div>\n\t\t\t\t<\/div>\n\t\t<div class=\"elementor-element elementor-element-23ae0a1 e-flex e-con-boxed e-con e-parent\" data-id=\"23ae0a1\" data-element_type=\"container\" data-e-type=\"container\">\n\t\t\t\t\t<div class=\"e-con-inner\">\n\t\t\t\t<div class=\"elementor-element elementor-element-1412d75 elementor-widget elementor-widget-heading\" data-id=\"1412d75\" data-element_type=\"widget\" data-e-type=\"widget\" data-widget_type=\"heading.default\">\n\t\t\t\t<div class=\"elementor-widget-container\">\n\t\t\t\t\t<h2 class=\"elementor-heading-title elementor-size-default\">Virtueller Rundgang Pr\u00fcffeld<\/h2>\t\t\t\t<\/div>\n\t\t\t\t<\/div>\n\t\t\t\t\t<\/div>\n\t\t\t\t<\/div>\n\t\t<div class=\"elementor-element elementor-element-e33212c e-con-full e-flex e-con e-parent\" data-id=\"e33212c\" data-element_type=\"container\" data-e-type=\"container\">\n\t\t\t\t<div class=\"elementor-element elementor-element-1c77d6d elementor-widget__width-initial elementor-widget elementor-widget-image\" data-id=\"1c77d6d\" data-element_type=\"widget\" data-e-type=\"widget\" data-widget_type=\"image.default\">\n\t\t\t\t<div class=\"elementor-widget-container\">\n\t\t\t\t\t\t\t\t\t\t\t\t\t\t\t\t<a href=\"https:\/\/my.matterport.com\/show\/?m=37NAmgyBxhr\">\n\t\t\t\t\t\t\t<img loading=\"lazy\" decoding=\"async\" width=\"1001\" height=\"568\" src=\"https:\/\/fahrzeugtechnik.fh-joanneum.at\/prueffeld\/wp-content\/uploads\/2024\/07\/Fahrzeugtour.jpg\" class=\"attachment-large size-large wp-image-126\" alt=\"\" srcset=\"https:\/\/fahrzeugtechnik.fh-joanneum.at\/prueffeld\/wp-content\/uploads\/2024\/07\/Fahrzeugtour.jpg 1001w, https:\/\/fahrzeugtechnik.fh-joanneum.at\/prueffeld\/wp-content\/uploads\/2024\/07\/Fahrzeugtour-300x170.jpg 300w, https:\/\/fahrzeugtechnik.fh-joanneum.at\/prueffeld\/wp-content\/uploads\/2024\/07\/Fahrzeugtour-768x436.jpg 768w\" sizes=\"(max-width: 1001px) 100vw, 1001px\" \/>\t\t\t\t\t\t\t\t<\/a>\n\t\t\t\t\t\t\t\t\t\t\t\t\t\t\t<\/div>\n\t\t\t\t<\/div>\n\t\t\t\t<\/div>\n\t\t<div class=\"elementor-element elementor-element-7ca2a0b e-flex e-con-boxed e-con e-parent\" data-id=\"7ca2a0b\" data-element_type=\"container\" data-e-type=\"container\">\n\t\t\t\t\t<div class=\"e-con-inner\">\n\t\t\t\t<div class=\"elementor-element elementor-element-85f75fa elementor-align-center elementor-widget elementor-widget-button\" data-id=\"85f75fa\" data-element_type=\"widget\" data-e-type=\"widget\" data-widget_type=\"button.default\">\n\t\t\t\t<div class=\"elementor-widget-container\">\n\t\t\t\t\t\t\t\t\t<div class=\"elementor-button-wrapper\">\n\t\t\t\t\t<a class=\"elementor-button elementor-button-link elementor-size-sm\" href=\"https:\/\/my.matterport.com\/show\/?m=37NAmgyBxhr\">\n\t\t\t\t\t\t<span class=\"elementor-button-content-wrapper\">\n\t\t\t\t\t\t\t\t\t<span class=\"elementor-button-text\">virtueller Rundgang <\/span>\n\t\t\t\t\t<\/span>\n\t\t\t\t\t<\/a>\n\t\t\t\t<\/div>\n\t\t\t\t\t\t\t\t<\/div>\n\t\t\t\t<\/div>\n\t\t\t\t\t<\/div>\n\t\t\t\t<\/div>\n\t\t<div class=\"elementor-element elementor-element-f614842 e-flex e-con-boxed e-con e-parent\" data-id=\"f614842\" data-element_type=\"container\" data-e-type=\"container\">\n\t\t\t\t\t<div class=\"e-con-inner\">\n\t\t<div class=\"elementor-element elementor-element-e804699 e-con-full e-flex e-con e-child\" data-id=\"e804699\" data-element_type=\"container\" data-e-type=\"container\">\n\t\t\t\t<div class=\"elementor-element elementor-element-7f0da22 elementor-widget elementor-widget-heading\" data-id=\"7f0da22\" data-element_type=\"widget\" data-e-type=\"widget\" data-widget_type=\"heading.default\">\n\t\t\t\t<div class=\"elementor-widget-container\">\n\t\t\t\t\t<h2 class=\"elementor-heading-title elementor-size-default\">NEWS!<\/h2>\t\t\t\t<\/div>\n\t\t\t\t<\/div>\n\t\t\t\t<\/div>\n\t\t<div class=\"elementor-element elementor-element-5738a69 e-con-full e-flex e-con e-child\" data-id=\"5738a69\" data-element_type=\"container\" data-e-type=\"container\">\n\t\t\t\t<div class=\"elementor-element elementor-element-98643dc elementor-widget elementor-widget-image\" data-id=\"98643dc\" data-element_type=\"widget\" data-e-type=\"widget\" data-widget_type=\"image.default\">\n\t\t\t\t<div class=\"elementor-widget-container\">\n\t\t\t\t\t\t\t\t\t\t\t\t\t\t\t<img loading=\"lazy\" decoding=\"async\" width=\"300\" height=\"200\" src=\"https:\/\/fahrzeugtechnik.fh-joanneum.at\/prueffeld\/wp-content\/uploads\/2026\/01\/TISAX-300x200.jpg\" class=\"attachment-medium size-medium wp-image-1373\" alt=\"\" srcset=\"https:\/\/fahrzeugtechnik.fh-joanneum.at\/prueffeld\/wp-content\/uploads\/2026\/01\/TISAX-300x200.jpg 300w, https:\/\/fahrzeugtechnik.fh-joanneum.at\/prueffeld\/wp-content\/uploads\/2026\/01\/TISAX.jpg 469w\" sizes=\"(max-width: 300px) 100vw, 300px\" \/>\t\t\t\t\t\t\t\t\t\t\t\t\t\t\t<\/div>\n\t\t\t\t<\/div>\n\t\t\t\t<\/div>\n\t\t\t\t\t<\/div>\n\t\t\t\t<\/div>\n\t\t<div class=\"elementor-element elementor-element-4d8c1d4 e-flex e-con-boxed e-con e-parent\" data-id=\"4d8c1d4\" data-element_type=\"container\" data-e-type=\"container\">\n\t\t\t\t\t<div class=\"e-con-inner\">\n\t\t\t\t<div class=\"elementor-element elementor-element-35b0496 elementor-widget elementor-widget-text-editor\" data-id=\"35b0496\" data-element_type=\"widget\" data-e-type=\"widget\" data-widget_type=\"text-editor.default\">\n\t\t\t\t<div class=\"elementor-widget-container\">\n\t\t\t\t\t\t\t\t\t<p><strong>TISAX Zertifizierung erfolgreich erreicht<\/strong><\/p><p>Als Pr\u00fcfinstitut der Automobilindustrie haben wir die TISAX-Zertifizierung erfolgreich abgeschlossen und sind nun offiziell bei der ENX Association gelistet. Damit erf\u00fcllen wir einen zentralen Sicherheitsstandard f\u00fcr die Zusammenarbeit mit OEMs und industriellen Partnern.<\/p><p>\u00a0<\/p><p>Der Weg zur Zertifizierung war bewusst anspruchsvoll. Unsere IT Systeme, Prozesse und organisatorischen Abl\u00e4ufe wurden umfassend gepr\u00fcft und weiterentwickelt. Erg\u00e4nzend dazu investieren wir laufend in Schulungen und Sensibilisierung unserer Mitarbeiter. So stellen wir sicher, dass Vertraulichkeit, Verf\u00fcgbarkeit und Integrit\u00e4t von Informationen nicht nur formal erf\u00fcllt, sondern im t\u00e4glichen Arbeiten gelebt werden.<\/p><p>\u00a0<\/p><p>In der Praxis verlangen immer mehr Fahrzeughersteller und Systemlieferanten ein TISAX Label als Voraussetzung f\u00fcr gemeinsame Projekte. F\u00fcr uns ist diese Zertifizierung daher keine Formalit\u00e4t, sondern eine strategische Grundlage, um auch k\u00fcnftig Projekte auf h\u00f6chstem Sicherheitsniveau durchf\u00fchren zu k\u00f6nnen.<\/p><p>\u00a0<\/p><p>Der verantwortungsvolle Umgang mit sensiblen Entwicklungsdaten und ein strukturiertes Risikomanagement sind feste Bestandteile jedes Kundenprojekts. Mit der TISAX Zertifizierung setzen wir ein klares Zeichen und unterstreichen unseren Anspruch, ein verl\u00e4sslicher und vertrauensw\u00fcrdiger Partner f\u00fcr die Automobilindustrie zu sein.<\/p><p>\u00a0<\/p><p>Unsere Standards \u00fcberpr\u00fcfen und verbessern wir kontinuierlich, damit Informationssicherheit auch langfristig den Anforderungen unserer Kunden und Partner entspricht.<\/p>\t\t\t\t\t\t\t\t<\/div>\n\t\t\t\t<\/div>\n\t\t\t\t\t<\/div>\n\t\t\t\t<\/div>\n\t\t\t\t<\/div>\n\t\t","protected":false},"excerpt":{"rendered":"<p>Automotive Testing Lab Ihr Partner f\u00fcr akkreditierte Pr\u00fcfungen in der Automobilindustrie und in der angewandten Forschung und Entwicklung. Das Institut Fahrzeugtechnik der FH JOANNEUM betreibt neben der Lehre angewandte Forschung und Entwicklung auf h\u00f6chstem Niveau. Um auf lange Sicht systematisch die Qualit\u00e4t der Dienstleistungen f\u00fcr unsere Partner und Kunden steigern zu k\u00f6nnen, haben wir im [&hellip;]<\/p>\n","protected":false},"author":2,"featured_media":0,"parent":0,"menu_order":0,"comment_status":"closed","ping_status":"closed","template":"","meta":{"footnotes":""},"class_list":["post-132","page","type-page","status-publish","hentry"],"_links":{"self":[{"href":"https:\/\/fahrzeugtechnik.fh-joanneum.at\/prueffeld\/wp-json\/wp\/v2\/pages\/132","targetHints":{"allow":["GET"]}}],"collection":[{"href":"https:\/\/fahrzeugtechnik.fh-joanneum.at\/prueffeld\/wp-json\/wp\/v2\/pages"}],"about":[{"href":"https:\/\/fahrzeugtechnik.fh-joanneum.at\/prueffeld\/wp-json\/wp\/v2\/types\/page"}],"author":[{"embeddable":true,"href":"https:\/\/fahrzeugtechnik.fh-joanneum.at\/prueffeld\/wp-json\/wp\/v2\/users\/2"}],"replies":[{"embeddable":true,"href":"https:\/\/fahrzeugtechnik.fh-joanneum.at\/prueffeld\/wp-json\/wp\/v2\/comments?post=132"}],"version-history":[{"count":140,"href":"https:\/\/fahrzeugtechnik.fh-joanneum.at\/prueffeld\/wp-json\/wp\/v2\/pages\/132\/revisions"}],"predecessor-version":[{"id":1386,"href":"https:\/\/fahrzeugtechnik.fh-joanneum.at\/prueffeld\/wp-json\/wp\/v2\/pages\/132\/revisions\/1386"}],"wp:attachment":[{"href":"https:\/\/fahrzeugtechnik.fh-joanneum.at\/prueffeld\/wp-json\/wp\/v2\/media?parent=132"}],"curies":[{"name":"wp","href":"https:\/\/api.w.org\/{rel}","templated":true}]}}