{"id":1318,"date":"2025-11-20T10:28:21","date_gmt":"2025-11-20T10:28:21","guid":{"rendered":"https:\/\/fahrzeugtechnik.fh-joanneum.at\/prueffeld\/?page_id=1318"},"modified":"2026-01-07T13:31:03","modified_gmt":"2026-01-07T13:31:03","slug":"inverterpruefstand","status":"publish","type":"page","link":"https:\/\/fahrzeugtechnik.fh-joanneum.at\/prueffeld\/inverterpruefstand\/","title":{"rendered":"Inverterpr\u00fcfstand"},"content":{"rendered":"\t\t<div data-elementor-type=\"wp-page\" data-elementor-id=\"1318\" class=\"elementor elementor-1318\">\n\t\t\t\t<div class=\"elementor-element elementor-element-a7b9757 e-flex e-con-boxed e-con e-parent\" data-id=\"a7b9757\" data-element_type=\"container\" data-e-type=\"container\">\n\t\t\t\t\t<div class=\"e-con-inner\">\n\t\t\t\t<div class=\"elementor-element elementor-element-7c86da7 elementor-widget elementor-widget-image\" data-id=\"7c86da7\" data-element_type=\"widget\" data-e-type=\"widget\" data-widget_type=\"image.default\">\n\t\t\t\t<div class=\"elementor-widget-container\">\n\t\t\t\t\t\t\t\t\t\t\t\t\t\t\t<img fetchpriority=\"high\" decoding=\"async\" width=\"935\" height=\"596\" src=\"https:\/\/fahrzeugtechnik.fh-joanneum.at\/prueffeld\/wp-content\/uploads\/2025\/12\/inverter.jpg\" class=\"attachment-large size-large wp-image-1336\" alt=\"\" srcset=\"https:\/\/fahrzeugtechnik.fh-joanneum.at\/prueffeld\/wp-content\/uploads\/2025\/12\/inverter.jpg 935w, https:\/\/fahrzeugtechnik.fh-joanneum.at\/prueffeld\/wp-content\/uploads\/2025\/12\/inverter-300x191.jpg 300w, https:\/\/fahrzeugtechnik.fh-joanneum.at\/prueffeld\/wp-content\/uploads\/2025\/12\/inverter-768x490.jpg 768w\" sizes=\"(max-width: 935px) 100vw, 935px\" \/>\t\t\t\t\t\t\t\t\t\t\t\t\t\t\t<\/div>\n\t\t\t\t<\/div>\n\t\t\t\t<div class=\"elementor-element elementor-element-28b6b2c elementor-widget elementor-widget-text-editor\" data-id=\"28b6b2c\" data-element_type=\"widget\" data-e-type=\"widget\" data-widget_type=\"text-editor.default\">\n\t\t\t\t<div class=\"elementor-widget-container\">\n\t\t\t\t\t\t\t\t\t<p>copyright: AVL SET GmbH.<\/p>\t\t\t\t\t\t\t\t<\/div>\n\t\t\t\t<\/div>\n\t\t\t\t\t<\/div>\n\t\t\t\t<\/div>\n\t\t<div class=\"elementor-element elementor-element-b6263bd e-flex e-con-boxed e-con e-parent\" data-id=\"b6263bd\" data-element_type=\"container\" data-e-type=\"container\">\n\t\t\t\t\t<div class=\"e-con-inner\">\n\t\t\t\t<div class=\"elementor-element elementor-element-a4f7382 elementor-widget elementor-widget-text-editor\" data-id=\"a4f7382\" data-element_type=\"widget\" data-e-type=\"widget\" data-widget_type=\"text-editor.default\">\n\t\t\t\t<div class=\"elementor-widget-container\">\n\t\t\t\t\t\t\t\t\t<p>Ein Inverterpr\u00fcfstand dient dazu, Inverter unter definierten und reproduzierbaren Bedingungen zu testen und zu vermessen. Der Inverter wandelt dabei die von einer Batterie oder einem Akku bereitgestellte Gleichspannung in eine definierte Wechselspannung um, beispielsweise zur Versorgung eines elektrischen Antriebs. Dieser Energieumwandlungsprozess kann auch in umgekehrter Richtung erfolgen, etwa bei der R\u00fcckspeisung elektrischer Energie bei PV-Anlagen oder beim elektrischen Bremsen, dem Rekuperieren.<\/p><p>Der gro\u00dfe Vorteil eines Inverterpr\u00fcfstands liegt darin, dass sich elektrische und thermische Belastungen sowie realistische Betriebszust\u00e4nde kontrolliert im Labor nachbilden lassen. Dies kann bereits in einem fr\u00fchen Entwicklungsstadium geschehen, bevor der Elektromotor oder der Akku zur Verf\u00fcgung stehen, was einen Vorteil in der Gesamtfahrzeugentwicklung bringt, und die Kosten reduziert. Im Gegensatz zu Messungen im Fahrzeug oder im Feldversuch sind am Pr\u00fcfstand Umgebungsbedingungen, Lastprofile, Spannungen, Str\u00f6me und Temperaturen exakt steuerbar und jederzeit wiederholbar.<\/p><p>Der Pr\u00fcfstand kann hinsichtlich Umgebungstemperatur, Feuchtigkeit und K\u00fchlkreislaufbedingungen konditioniert werden, sodass auch extreme Einsatzbedingungen zuverl\u00e4ssig simuliert werden k\u00f6nnen. Des Weiteren k\u00f6nnen unterschiedliche Motortypen, wie auch Leistungen variabel getestet werden, ohne den Inverter an verschiedene Motoren anschlie\u00dfen zu m\u00fcssen. Unterschiedliche Ladest\u00e4nde k\u00f6nnen ebenso dynamisch getestet werden, wie unterschiedliche Versorgungsspannungen des Akkus.<\/p><p>F\u00fcr folgende Arbeiten kann der Pr\u00fcfstand eingesetzt werden:<\/p><ul><li>Charakterisierung, Funktions- und Leistungstests von Invertern<ul><li>f\u00fcr HEV, PHEV und BEV sowie HV-Ladesysteme<\/li><li>Motortypen: PMSM, ASM, EESM und SRM<\/li><li>Testung bis Leistungsgrenzen sowie Misuse-Tests<\/li><li>unter definierten Klimabedingungen<\/li><\/ul><\/li><li>Akkreditierte Wirkungsgradmessung<\/li><li>Verlustanalysen sowie Verlustkennlinienfelder<\/li><li>Charakterisierung des Inverters unter unterschiedlichen Last- und Frequenzbedingungen<\/li><li>Thermische Untersuchungen und K\u00fchlleistungsbewertung<\/li><li>Dauerlauftests und Lebensdaueruntersuchungen<\/li><li>Funktions- und Sicherheitspr\u00fcfungen (z. B. Schutzfunktionen, Abschaltverhalten, Isolationsw\u00e4chter)<\/li><li>Validierung unterschiedlicher Regelungsstrategien<\/li><\/ul><p>Der Haupteinsatzzweck liegt in der Verifikation und Qualifizierung von Invertern gem\u00e4\u00df technischen Anforderungen, Spezifikationen und Normen, wie sie f\u00fcr die Entwicklung, Homologation und Serienfreigabe notwendig sind. Dar\u00fcber hinaus werden auf dem Pr\u00fcfstand begleitende Entwicklungsmessungen durchgef\u00fchrt, etwa zur Optimierung von Wirkungsgrad oder Regelalgorithmen.<\/p><p>Als Messergebnisse erh\u00e4lt man unter anderem Spannungs-, Leistungs- und Stromverl\u00e4ufe, Schaltverluste, Gesamtwirkungsgrad, Temperaturprofile sowie das thermische Verhalten unter dynamischen Lastbedingungen. Es k\u00f6nnen verschiedene elektrische Betriebspunkte, Lastzyklen oder Fahrprofile nachgebildet werden, wie sie in realen elektrischen Antrieben auftreten.<\/p><p>Der gro\u00dfe Vorteil im Pr\u00fcffeld der FH Joanneum liegt darin, dass die Inverter in Kombination mit realen Motoren ebenso getestet werden k\u00f6nnen, da auch ein Antriebsstrangpr\u00fcfstand mit einem Batterieemulator zur Verf\u00fcgung steht. Durch diese Kombination k\u00f6nnen Weiterentwicklungen am Inverter, wie auch Motor zielgerichtet und schnell vorangetrieben werden.<\/p><p>Leistungsbeschreibung<\/p><ul><li>Akkreditierte Messungen werden angestrebt<\/li><li>Aufnahme von Effizienz- und Verlustkennlinienfeldern<\/li><li>Leistungstests<\/li><li>Folgende Motoren k\u00f6nnen simuliert werden:<ul><li>PMSM<\/li><li>ASM<\/li><li>EESM<\/li><li>SRM<\/li><\/ul><\/li><li>Tests bis zur Leistungsgrenze des Inverters oder der Anlage<ul><li>DC: 1200 V \/ 1200 A (30 s) \/ 800 A (kont.)<\/li><li>AC: 1200 Vpeak \/ 800 Arms<\/li><\/ul><\/li><li>Misuse-Test und Fehlertests<\/li><li>Kurzschlusstests<\/li><li>Phasenausfallstests<\/li><li>Klimatisierung von 10\u00b0C bis 95\u00b0C \/ 10 % &#8211; 98 % RF<\/li><li>Temperaturbereich -70\u00b0C bis 180\u00b0C<\/li><li>K\u00fchlwasser -40\u00b0C bis 140\u00b0C (Wasser\/Glycol:\u00a0 40\/60)<\/li><\/ul><p>Merkmale<\/p><ul><li>Hersteller: AVL List<\/li><li>Automatisierungssystem: PUMA<\/li><li>Anschaffungsjahr: 2026 (gerade in Bau)<\/li><li>Messsystem: X-ION<\/li><li>Restbussimulation<\/li><\/ul><p>\u00a0<\/p>\t\t\t\t\t\t\t\t<\/div>\n\t\t\t\t<\/div>\n\t\t\t\t\t<\/div>\n\t\t\t\t<\/div>\n\t\t\t\t<\/div>\n\t\t","protected":false},"excerpt":{"rendered":"<p>copyright: AVL SET GmbH. Ein Inverterpr\u00fcfstand dient dazu, Inverter unter definierten und reproduzierbaren Bedingungen zu testen und zu vermessen. Der Inverter wandelt dabei die von einer Batterie oder einem Akku bereitgestellte Gleichspannung in eine definierte Wechselspannung um, beispielsweise zur Versorgung eines elektrischen Antriebs. Dieser Energieumwandlungsprozess kann auch in umgekehrter Richtung erfolgen, etwa bei der R\u00fcckspeisung [&hellip;]<\/p>\n","protected":false},"author":2,"featured_media":0,"parent":0,"menu_order":0,"comment_status":"closed","ping_status":"closed","template":"","meta":{"footnotes":""},"class_list":["post-1318","page","type-page","status-publish","hentry"],"_links":{"self":[{"href":"https:\/\/fahrzeugtechnik.fh-joanneum.at\/prueffeld\/wp-json\/wp\/v2\/pages\/1318","targetHints":{"allow":["GET"]}}],"collection":[{"href":"https:\/\/fahrzeugtechnik.fh-joanneum.at\/prueffeld\/wp-json\/wp\/v2\/pages"}],"about":[{"href":"https:\/\/fahrzeugtechnik.fh-joanneum.at\/prueffeld\/wp-json\/wp\/v2\/types\/page"}],"author":[{"embeddable":true,"href":"https:\/\/fahrzeugtechnik.fh-joanneum.at\/prueffeld\/wp-json\/wp\/v2\/users\/2"}],"replies":[{"embeddable":true,"href":"https:\/\/fahrzeugtechnik.fh-joanneum.at\/prueffeld\/wp-json\/wp\/v2\/comments?post=1318"}],"version-history":[{"count":34,"href":"https:\/\/fahrzeugtechnik.fh-joanneum.at\/prueffeld\/wp-json\/wp\/v2\/pages\/1318\/revisions"}],"predecessor-version":[{"id":1371,"href":"https:\/\/fahrzeugtechnik.fh-joanneum.at\/prueffeld\/wp-json\/wp\/v2\/pages\/1318\/revisions\/1371"}],"wp:attachment":[{"href":"https:\/\/fahrzeugtechnik.fh-joanneum.at\/prueffeld\/wp-json\/wp\/v2\/media?parent=1318"}],"curies":[{"name":"wp","href":"https:\/\/api.w.org\/{rel}","templated":true}]}}